{"id":10,"date":"2024-02-08T15:11:51","date_gmt":"2024-02-08T15:11:51","guid":{"rendered":"https:\/\/publisciences.com\/?page_id=10"},"modified":"2025-02-27T14:41:16","modified_gmt":"2025-02-27T14:41:16","slug":"manuscrits","status":"publish","type":"page","link":"https:\/\/editionscambli.com\/?page_id=10","title":{"rendered":"Manuscrits"},"content":{"rendered":"\n<div class=\"wp-block-group alignfull has-accent-2-background-color has-background has-global-padding is-layout-constrained wp-container-core-group-is-layout-669513ed wp-block-group-is-layout-constrained\" style=\"margin-top:0;margin-bottom:0;padding-top:var(--wp--preset--spacing--50);padding-right:var(--wp--preset--spacing--50);padding-bottom:var(--wp--preset--spacing--50);padding-left:var(--wp--preset--spacing--50)\">\n<div class=\"wp-block-columns alignwide is-layout-flex wp-container-core-columns-is-layout-28f84493 wp-block-columns-is-layout-flex\">\n<div class=\"wp-block-column is-layout-flow wp-block-column-is-layout-flow\" style=\"flex-basis:40%\">\n<p class=\"wp-container-content-0733e5d0\">Envoyez vos textes \u00e0 :<\/p>\n\n\n\n<p><\/p>\n\n\n\n<figure class=\"wp-block-image size-full\"><img loading=\"lazy\" decoding=\"async\" width=\"351\" height=\"48\" sizes=\"auto, (max-width: 248px) 100vw, 248px\" src=\"https:\/\/editionscambli.com\/wp-content\/uploads\/2024\/02\/Capture-decran-2024-02-20-181450.png\" alt=\"\" class=\"wp-image-89\" srcset=\"https:\/\/editionscambli.com\/wp-content\/uploads\/2024\/02\/Capture-decran-2024-02-20-181450.png 351w, https:\/\/editionscambli.com\/wp-content\/uploads\/2024\/02\/Capture-decran-2024-02-20-181450-300x41.png 300w\" \/><\/figure>\n<\/div>\n\n\n\n<div class=\"wp-block-column is-layout-flow wp-block-column-is-layout-flow\" style=\"flex-basis:60%\">\n<p class=\"has-heading-font-family has-x-large-font-size\" style=\"line-height:1.2\">La maison re\u00e7oit chaque ann\u00e9e des centaines de manuscrits.<\/p>\n\n\n\n<p>Afin de faciliter leur lecture et de r\u00e9duire notre d\u00e9lais de r\u00e9ponses nous vous demandons de bien vouloir nous soumettre vos textes en respectant le format suivant :<\/p>\n\n\n\n<ul class=\"wp-block-list\">\n<li>Times New Roman, Police 12<\/li>\n\n\n\n<li>Interligne 1,25<\/li>\n\n\n\n<li>Format PDF<\/li>\n\n\n\n<li>Le manuscrit doit \u00eatre pr\u00e9c\u00e9d\u00e9 d&rsquo;une page de pr\u00e9sentation du texte et de l&rsquo;auteur<\/li>\n<\/ul>\n<\/div>\n<\/div>\n\n\n\n<div style=\"height:var(--wp--preset--spacing--40)\" aria-hidden=\"true\" class=\"wp-block-spacer\"><\/div>\n\n\n\n<figure class=\"wp-block-image alignwide size-large is-style-rounded is-style-rounded--1\"><img loading=\"lazy\" decoding=\"async\" width=\"1024\" height=\"683\" sizes=\"auto, (max-width: 1280px) 100vw, 1280px\" src=\"https:\/\/editionscambli.com\/wp-content\/uploads\/2024\/02\/towfiqu-barbhuiya-KKHs1e2yiwc-unsplash-1-1024x683.jpg\" alt=\"\" class=\"wp-image-72\" srcset=\"https:\/\/editionscambli.com\/wp-content\/uploads\/2024\/02\/towfiqu-barbhuiya-KKHs1e2yiwc-unsplash-1-1024x683.jpg 1024w, https:\/\/editionscambli.com\/wp-content\/uploads\/2024\/02\/towfiqu-barbhuiya-KKHs1e2yiwc-unsplash-1-300x200.jpg 300w, https:\/\/editionscambli.com\/wp-content\/uploads\/2024\/02\/towfiqu-barbhuiya-KKHs1e2yiwc-unsplash-1-768x512.jpg 768w, https:\/\/editionscambli.com\/wp-content\/uploads\/2024\/02\/towfiqu-barbhuiya-KKHs1e2yiwc-unsplash-1-1536x1025.jpg 1536w, https:\/\/editionscambli.com\/wp-content\/uploads\/2024\/02\/towfiqu-barbhuiya-KKHs1e2yiwc-unsplash-1-2048x1367.jpg 2048w\" \/><\/figure>\n<\/div>\n\n\n\n<div class=\"wp-block-group alignfull has-base-background-color has-background has-global-padding is-layout-constrained wp-container-core-group-is-layout-d89aad35 wp-block-group-is-layout-constrained\" style=\"margin-top:0;margin-bottom:0;padding-top:var(--wp--preset--spacing--50);padding-right:var(--wp--preset--spacing--50);padding-bottom:var(--wp--preset--spacing--50);padding-left:var(--wp--preset--spacing--50)\">\n<div class=\"wp-block-columns alignwide is-layout-flex wp-container-core-columns-is-layout-549b0c86 wp-block-columns-is-layout-flex\">\n<div class=\"wp-block-column has-global-padding is-content-justification-left is-layout-constrained wp-container-core-column-is-layout-4f15e8fe wp-block-column-is-layout-constrained\" style=\"flex-basis:40%\">\n<p>Notre comit\u00e9 de lecture s&rsquo;engage \u00e0 examiner chaque texte avec soin, \u00e0 d\u00e9couvrir les joyaux litt\u00e9raires et \u00e0 offrir une r\u00e9troaction constructive aux auteurs.<\/p>\n<\/div>\n\n\n\n<div class=\"wp-block-column is-layout-flow wp-container-core-column-is-layout-119bc444 wp-block-column-is-layout-flow\" style=\"flex-basis:60%\">\n<p class=\"has-heading-font-family has-x-large-font-size\" style=\"line-height:1.2\">Chaque manuscrit re\u00e7u est accueilli avec une attention particuli\u00e8re et un profond respect pour la voix de son auteur.  Nous croyons en la valeur de chaque histoire et en la diversit\u00e9 des voix qui composent le tissu de notre soci\u00e9t\u00e9. C&rsquo;est pourquoi nous nous effor\u00e7ons de maintenir un processus d&rsquo;\u00e9valuation rigoureux mais ouvert, o\u00f9 la qualit\u00e9 artistique et le potentiel narratif sont primordiaux. Que ce soit un roman poignant, un recueil de po\u00e9sie inspirant ou un essai provocateur, nous accordons une attention minutieuse \u00e0 chaque d\u00e9tail, dans le but de faire \u00e9merger des \u0153uvres qui r\u00e9sonnent avec notre public et qui contribuent \u00e0 enrichir le paysage litt\u00e9raire contemporain.<\/p>\n\n\n\n<div class=\"wp-block-columns is-layout-flex wp-container-core-columns-is-layout-87beb0d0 wp-block-columns-is-layout-flex\">\n<div class=\"wp-block-column is-layout-flow wp-block-column-is-layout-flow\">\n<p class=\"wp-container-content-9cfa9a5a\">Chaque manuscrit re\u00e7u est consid\u00e9r\u00e9 comme une occasion de d\u00e9couvrir une nouvelle perspective, de partager une exp\u00e9rience unique et d&rsquo;enrichir notre catalogue avec des r\u00e9cits captivants et significatifs.<\/p>\n<\/div>\n\n\n\n<div class=\"wp-block-column is-layout-flow wp-block-column-is-layout-flow\">\n<p>Chaque histoire est consid\u00e9r\u00e9e dans son contexte et \u00e9valu\u00e9e avec une sensibilit\u00e9 \u00e0 la diversit\u00e9 des exp\u00e9riences humaines. Nous encourageons les auteurs \u00e0 nous faire parvenir leurs \u0153uvres, sachant qu&rsquo;elles seront entre des mains attentives et engag\u00e9es, pr\u00eates \u00e0 d\u00e9couvrir et \u00e0 soutenir les talents \u00e9mergents ainsi que les voix \u00e9tablies.<\/p>\n<\/div>\n<\/div>\n<\/div>\n<\/div>\n<\/div>\n\n\n\n<figure class=\"wp-block-image size-large\"><img loading=\"lazy\" decoding=\"async\" width=\"1024\" height=\"1024\" sizes=\"auto, (max-width: 620px) 100vw, 620px\" src=\"https:\/\/editionscambli.com\/wp-content\/uploads\/2024\/02\/Logo-Cambli-2-1024x1024.png\" alt=\"\" class=\"wp-image-242\" srcset=\"https:\/\/editionscambli.com\/wp-content\/uploads\/2024\/02\/Logo-Cambli-2-1024x1024.png 1024w, https:\/\/editionscambli.com\/wp-content\/uploads\/2024\/02\/Logo-Cambli-2-300x300.png 300w, https:\/\/editionscambli.com\/wp-content\/uploads\/2024\/02\/Logo-Cambli-2-150x150.png 150w, https:\/\/editionscambli.com\/wp-content\/uploads\/2024\/02\/Logo-Cambli-2-768x768.png 768w, https:\/\/editionscambli.com\/wp-content\/uploads\/2024\/02\/Logo-Cambli-2-1536x1536.png 1536w, https:\/\/editionscambli.com\/wp-content\/uploads\/2024\/02\/Logo-Cambli-2-2048x2048.png 2048w\" \/><\/figure>\n","protected":false},"excerpt":{"rendered":"<p>Envoyez vos textes \u00e0 : La maison re\u00e7oit chaque ann\u00e9e des centaines de manuscrits. Afin de faciliter leur lecture et de r\u00e9duire notre d\u00e9lais de r\u00e9ponses nous vous demandons de bien vouloir nous soumettre vos textes en respectant le format suivant : Notre comit\u00e9 de lecture s&rsquo;engage \u00e0 examiner chaque texte avec soin, \u00e0 d\u00e9couvrir [&hellip;]<\/p>\n","protected":false},"author":1,"featured_media":0,"parent":0,"menu_order":0,"comment_status":"closed","ping_status":"closed","template":"","meta":{"footnotes":""},"class_list":["post-10","page","type-page","status-publish","hentry"],"_links":{"self":[{"href":"https:\/\/editionscambli.com\/index.php?rest_route=\/wp\/v2\/pages\/10","targetHints":{"allow":["GET"]}}],"collection":[{"href":"https:\/\/editionscambli.com\/index.php?rest_route=\/wp\/v2\/pages"}],"about":[{"href":"https:\/\/editionscambli.com\/index.php?rest_route=\/wp\/v2\/types\/page"}],"author":[{"embeddable":true,"href":"https:\/\/editionscambli.com\/index.php?rest_route=\/wp\/v2\/users\/1"}],"replies":[{"embeddable":true,"href":"https:\/\/editionscambli.com\/index.php?rest_route=%2Fwp%2Fv2%2Fcomments&post=10"}],"version-history":[{"count":10,"href":"https:\/\/editionscambli.com\/index.php?rest_route=\/wp\/v2\/pages\/10\/revisions"}],"predecessor-version":[{"id":253,"href":"https:\/\/editionscambli.com\/index.php?rest_route=\/wp\/v2\/pages\/10\/revisions\/253"}],"wp:attachment":[{"href":"https:\/\/editionscambli.com\/index.php?rest_route=%2Fwp%2Fv2%2Fmedia&parent=10"}],"curies":[{"name":"wp","href":"https:\/\/api.w.org\/{rel}","templated":true}]}}