{"id":119,"date":"2024-10-10T12:53:10","date_gmt":"2024-10-10T12:53:10","guid":{"rendered":"https:\/\/editionscambli.com\/?page_id=119"},"modified":"2025-02-27T14:42:07","modified_gmt":"2025-02-27T14:42:07","slug":"nos-collections","status":"publish","type":"page","link":"https:\/\/editionscambli.com\/?page_id=119","title":{"rendered":"Nos collections"},"content":{"rendered":"\n<div style=\"height:var(--wp--preset--spacing--50)\" aria-hidden=\"true\" class=\"wp-block-spacer\"><\/div>\n\n\n\n<div class=\"wp-block-group alignwide has-global-padding is-layout-constrained wp-block-group-is-layout-constrained\">\n<h1 class=\"wp-block-heading alignwide has-xx-large-font-size\" style=\"line-height:1.2\"><br>Par souci d&rsquo;\u00e9clectisme, la maison Cambli d\u00e9veloppe des collections adapt\u00e9es au besoin du temps :<\/h1>\n<\/div>\n\n\n\n<figure class=\"wp-block-image size-full is-resized\"><a href=\"https:\/\/editionscambli.com\/?page_id=139\"><img loading=\"lazy\" decoding=\"async\" width=\"800\" height=\"800\" sizes=\"auto, (max-width: 620px) 100vw, 620px\" src=\"https:\/\/editionscambli.com\/wp-content\/uploads\/2024\/10\/Untitled-Project-1-1.png\" alt=\"\" class=\"wp-image-141\" style=\"width:620px;height:auto\" srcset=\"https:\/\/editionscambli.com\/wp-content\/uploads\/2024\/10\/Untitled-Project-1-1.png 800w, https:\/\/editionscambli.com\/wp-content\/uploads\/2024\/10\/Untitled-Project-1-1-300x300.png 300w, https:\/\/editionscambli.com\/wp-content\/uploads\/2024\/10\/Untitled-Project-1-1-150x150.png 150w, https:\/\/editionscambli.com\/wp-content\/uploads\/2024\/10\/Untitled-Project-1-1-768x768.png 768w\" \/><\/a><\/figure>\n","protected":false},"excerpt":{"rendered":"<p>Par souci d&rsquo;\u00e9clectisme, la maison Cambli d\u00e9veloppe des collections adapt\u00e9es au besoin du temps :<\/p>\n","protected":false},"author":1,"featured_media":0,"parent":0,"menu_order":0,"comment_status":"closed","ping_status":"closed","template":"","meta":{"footnotes":""},"class_list":["post-119","page","type-page","status-publish","hentry"],"_links":{"self":[{"href":"https:\/\/editionscambli.com\/index.php?rest_route=\/wp\/v2\/pages\/119","targetHints":{"allow":["GET"]}}],"collection":[{"href":"https:\/\/editionscambli.com\/index.php?rest_route=\/wp\/v2\/pages"}],"about":[{"href":"https:\/\/editionscambli.com\/index.php?rest_route=\/wp\/v2\/types\/page"}],"author":[{"embeddable":true,"href":"https:\/\/editionscambli.com\/index.php?rest_route=\/wp\/v2\/users\/1"}],"replies":[{"embeddable":true,"href":"https:\/\/editionscambli.com\/index.php?rest_route=%2Fwp%2Fv2%2Fcomments&post=119"}],"version-history":[{"count":10,"href":"https:\/\/editionscambli.com\/index.php?rest_route=\/wp\/v2\/pages\/119\/revisions"}],"predecessor-version":[{"id":254,"href":"https:\/\/editionscambli.com\/index.php?rest_route=\/wp\/v2\/pages\/119\/revisions\/254"}],"wp:attachment":[{"href":"https:\/\/editionscambli.com\/index.php?rest_route=%2Fwp%2Fv2%2Fmedia&parent=119"}],"curies":[{"name":"wp","href":"https:\/\/api.w.org\/{rel}","templated":true}]}}