{"id":21,"date":"2024-02-09T15:27:37","date_gmt":"2024-02-09T15:27:37","guid":{"rendered":"https:\/\/publisciences.com\/?page_id=21"},"modified":"2025-08-08T10:58:45","modified_gmt":"2025-08-08T10:58:45","slug":"le-comite-de-lecture","status":"publish","type":"page","link":"https:\/\/editionscambli.com\/?page_id=21","title":{"rendered":"Le comit\u00e9 de lecture"},"content":{"rendered":"\n<div class=\"wp-block-group alignfull has-accent-background-color has-background has-global-padding is-layout-constrained wp-container-core-group-is-layout-669513ed wp-block-group-is-layout-constrained\" style=\"margin-top:0;margin-bottom:0;padding-top:var(--wp--preset--spacing--50);padding-right:var(--wp--preset--spacing--50);padding-bottom:var(--wp--preset--spacing--50);padding-left:var(--wp--preset--spacing--50)\">\n<div class=\"wp-block-columns alignwide is-layout-flex wp-container-core-columns-is-layout-1da03c2a wp-block-columns-is-layout-flex\">\n<div class=\"wp-block-column is-vertically-aligned-stretch is-layout-flow wp-block-column-is-layout-flow\" style=\"flex-basis:50%\">\n<div class=\"wp-block-group is-vertical is-content-justification-stretch is-layout-flex wp-container-core-group-is-layout-444d5ee8 wp-block-group-is-layout-flex\" style=\"min-height:100%\">\n<p class=\"has-heading-font-family has-x-large-font-size\" style=\"line-height:1.2\">Notre comit\u00e9 de lecture est compos\u00e9 d&rsquo;une \u00e9quipe de passionn\u00e9s, capables de d\u00e9fendre ses choix avec acharnement.<\/p>\n\n\n\n<div class=\"wp-block-group has-global-padding is-content-justification-left is-layout-constrained wp-container-core-group-is-layout-9fe8ed88 wp-block-group-is-layout-constrained\">\n<p class=\"wp-container-content-0733e5d0\"><\/p>\n\n\n\n<div class=\"wp-block-buttons is-layout-flex wp-block-buttons-is-layout-flex\">\n<div class=\"wp-block-button\"><a class=\"wp-block-button__link wp-element-button\" href=\"https:\/\/editionscambli.com\/?page_id=2\">A propos de nous<\/a><\/div>\n<\/div>\n<\/div>\n<\/div>\n<\/div>\n\n\n\n<div class=\"wp-block-column is-vertically-aligned-center is-layout-flow wp-block-column-is-layout-flow\" style=\"flex-basis:50%\">\n<figure class=\"wp-block-image size-large is-style-rounded is-style-rounded--1\"><img loading=\"lazy\" decoding=\"async\" width=\"1024\" height=\"683\" sizes=\"auto, (max-width: 310px) 100vw, 310px\" src=\"https:\/\/editionscambli.com\/wp-content\/uploads\/2024\/02\/jilbert-ebrahimi-HAwA1N2gjo8-unsplash-1024x683.jpg\" alt=\"\" class=\"wp-image-69\" style=\"aspect-ratio:3\/4;object-fit:cover\" srcset=\"https:\/\/editionscambli.com\/wp-content\/uploads\/2024\/02\/jilbert-ebrahimi-HAwA1N2gjo8-unsplash-1024x683.jpg 1024w, https:\/\/editionscambli.com\/wp-content\/uploads\/2024\/02\/jilbert-ebrahimi-HAwA1N2gjo8-unsplash-300x200.jpg 300w, https:\/\/editionscambli.com\/wp-content\/uploads\/2024\/02\/jilbert-ebrahimi-HAwA1N2gjo8-unsplash-768x512.jpg 768w, https:\/\/editionscambli.com\/wp-content\/uploads\/2024\/02\/jilbert-ebrahimi-HAwA1N2gjo8-unsplash-1536x1024.jpg 1536w, https:\/\/editionscambli.com\/wp-content\/uploads\/2024\/02\/jilbert-ebrahimi-HAwA1N2gjo8-unsplash-2048x1365.jpg 2048w\" \/><\/figure>\n<\/div>\n<\/div>\n<\/div>\n\n\n\n<div class=\"wp-block-group alignfull has-base-background-color has-background has-global-padding is-layout-constrained wp-container-core-group-is-layout-d89aad35 wp-block-group-is-layout-constrained\" style=\"margin-top:0;margin-bottom:0;padding-top:var(--wp--preset--spacing--50);padding-right:var(--wp--preset--spacing--50);padding-bottom:var(--wp--preset--spacing--50);padding-left:var(--wp--preset--spacing--50)\">\n<div class=\"wp-block-columns alignwide is-layout-flex wp-container-core-columns-is-layout-549b0c86 wp-block-columns-is-layout-flex\">\n<div class=\"wp-block-column has-global-padding is-content-justification-left is-layout-constrained wp-container-core-column-is-layout-4f15e8fe wp-block-column-is-layout-constrained\" style=\"flex-basis:40%\">\n<p>Les membres du comit\u00e9 :<\/p>\n<\/div>\n\n\n\n<div class=\"wp-block-column is-layout-flow wp-container-core-column-is-layout-119bc444 wp-block-column-is-layout-flow\" style=\"flex-basis:60%\">\n<p class=\"has-heading-font-family has-x-large-font-size\" style=\"line-height:1.2\">Marie Enguerrande Rui dirige le comit\u00e9 de lecture de la maison Cambli. Tous les livres publi\u00e9s par la maison sont pass\u00e9s entre ses mains.<\/p>\n\n\n\n<div class=\"wp-block-columns is-layout-flex wp-container-core-columns-is-layout-87beb0d0 wp-block-columns-is-layout-flex\">\n<div class=\"wp-block-column is-layout-flow wp-block-column-is-layout-flow\">\n<p class=\"has-text-align-center wp-container-content-9cfa9a5a\"><br>Apr\u00e8s avoir achev\u00e9 ses \u00e9tudes et acquis la solide exp\u00e9rience n\u00e9cessaire \u00e0 une carri\u00e8re dans l&rsquo;\u00e9dition, elle rejoint la maison Cambli : \u00ab\u00a0J&rsquo;ai choisi une maison \u00e0 taille humaine o\u00f9 je pourrais prendre le temps d&rsquo;aimer chaque texte et de m&rsquo;impliquer dans chaque projet personnellement. Un livre doit toujours \u00eatre d\u00e9fendu avec le m\u00eame acharnement qu&rsquo;un innocent.\u00a0\u00bb<\/p>\n<\/div>\n\n\n\n<div class=\"wp-block-column is-layout-flow wp-block-column-is-layout-flow\">\n<p class=\"has-text-align-center\">Elle coordonne le comit\u00e9 de lecture et a le dernier mot sur les textes qui nous sont confi\u00e9s. Ses ma\u00eetres mots : exigence et audace.<\/p>\n<\/div>\n<\/div>\n<\/div>\n<\/div>\n<\/div>\n\n\n\n<div class=\"wp-block-group alignfull has-global-padding is-layout-constrained wp-container-core-group-is-layout-669513ed wp-block-group-is-layout-constrained\" style=\"margin-top:0;margin-bottom:0;padding-top:var(--wp--preset--spacing--50);padding-right:var(--wp--preset--spacing--50);padding-bottom:var(--wp--preset--spacing--50);padding-left:var(--wp--preset--spacing--50)\">\n<div class=\"wp-block-group is-vertical is-content-justification-center is-layout-flex wp-container-core-group-is-layout-ce155fab wp-block-group-is-layout-flex\">\n<h2 class=\"wp-block-heading has-text-align-center has-xx-large-font-size\">Rencontrez notre \u00e9quipe<\/h2>\n\n\n\n<p class=\"has-text-align-center\">Notre comit\u00e9 de lecture est le c\u0153ur battant de notre processus \u00e9ditorial. Compos\u00e9 d&rsquo;une \u00e9quipe diversifi\u00e9e de passionn\u00e9s de litt\u00e9rature, d&rsquo;experts du domaine et de repr\u00e9sentants de diff\u00e9rentes communaut\u00e9s, notre comit\u00e9 s&rsquo;engage \u00e0 d\u00e9couvrir et \u00e0 promouvoir les voix les plus dynamiques et les histoires les plus captivantes.<\/p>\n<\/div>\n\n\n\n<div style=\"height:var(--wp--preset--spacing--30)\" aria-hidden=\"true\" class=\"wp-block-spacer\"><\/div>\n\n\n\n<div class=\"wp-block-columns alignwide is-layout-flex wp-container-core-columns-is-layout-4935966c wp-block-columns-is-layout-flex\" style=\"padding-right:0;padding-left:0\">\n<div class=\"wp-block-column is-layout-flow wp-block-column-is-layout-flow\">\n<figure class=\"wp-block-image size-full is-resized is-style-rounded is-style-rounded--2\"><img loading=\"lazy\" decoding=\"async\" width=\"2307\" height=\"2560\" sizes=\"auto, (max-width: 155px) 100vw, 155px\" src=\"https:\/\/editionscambli.com\/wp-content\/uploads\/2025\/02\/Femme-en-blazer-noir-scaled.jpg\" alt=\"\" class=\"wp-image-221\" style=\"aspect-ratio:1;object-fit:cover;width:290px;height:auto\" srcset=\"https:\/\/editionscambli.com\/wp-content\/uploads\/2025\/02\/Femme-en-blazer-noir-scaled.jpg 2307w, https:\/\/editionscambli.com\/wp-content\/uploads\/2025\/02\/Femme-en-blazer-noir-270x300.jpg 270w, https:\/\/editionscambli.com\/wp-content\/uploads\/2025\/02\/Femme-en-blazer-noir-923x1024.jpg 923w, https:\/\/editionscambli.com\/wp-content\/uploads\/2025\/02\/Femme-en-blazer-noir-768x852.jpg 768w, https:\/\/editionscambli.com\/wp-content\/uploads\/2025\/02\/Femme-en-blazer-noir-1384x1536.jpg 1384w, https:\/\/editionscambli.com\/wp-content\/uploads\/2025\/02\/Femme-en-blazer-noir-1846x2048.jpg 1846w\" \/><\/figure>\n\n\n\n<div class=\"wp-block-group is-vertical is-content-justification-center is-nowrap is-layout-flex wp-container-core-group-is-layout-21d4e958 wp-block-group-is-layout-flex\">\n<p class=\"has-text-align-center has-small-font-size\"><strong>Marie Enguerrande Rui <\/strong><\/p>\n\n\n\n<p class=\"has-text-align-center has-small-font-size\">Directrice du comit\u00e9 de lecture, passionn\u00e9e de litt\u00e9rature depuis son plus jeune \u00e2ge, Marie E. Rui apporte une expertise approfondie dans le monde de l&rsquo;\u00e9dition. Elle guide notre comit\u00e9 avec une vision audacieuse et un engagement ind\u00e9fectible envers l&rsquo;excellence litt\u00e9raire et l&rsquo;inclusion.<\/p>\n<\/div>\n<\/div>\n\n\n\n<div class=\"wp-block-column is-layout-flow wp-block-column-is-layout-flow\">\n<figure class=\"wp-block-image size-full is-style-rounded is-style-rounded--3\"><img loading=\"lazy\" decoding=\"async\" width=\"1707\" height=\"2560\" sizes=\"auto, (max-width: 155px) 100vw, 155px\" src=\"https:\/\/editionscambli.com\/wp-content\/uploads\/2025\/08\/mmexport1750162114212-scaled.jpg\" alt=\"\" class=\"wp-image-274\" style=\"aspect-ratio:1;object-fit:cover\" srcset=\"https:\/\/editionscambli.com\/wp-content\/uploads\/2025\/08\/mmexport1750162114212-scaled.jpg 1707w, https:\/\/editionscambli.com\/wp-content\/uploads\/2025\/08\/mmexport1750162114212-200x300.jpg 200w, https:\/\/editionscambli.com\/wp-content\/uploads\/2025\/08\/mmexport1750162114212-683x1024.jpg 683w, https:\/\/editionscambli.com\/wp-content\/uploads\/2025\/08\/mmexport1750162114212-768x1152.jpg 768w, https:\/\/editionscambli.com\/wp-content\/uploads\/2025\/08\/mmexport1750162114212-1024x1536.jpg 1024w, https:\/\/editionscambli.com\/wp-content\/uploads\/2025\/08\/mmexport1750162114212-1365x2048.jpg 1365w\" \/><\/figure>\n\n\n\n<div class=\"wp-block-group is-vertical is-content-justification-center is-nowrap is-layout-flex wp-container-core-group-is-layout-63bfd6c1 wp-block-group-is-layout-flex\">\n<p class=\"has-text-align-center has-small-font-size\"><strong>Baptiste Reina<\/strong><\/p>\n\n\n\n<p class=\"has-text-align-center has-small-font-size\"><a href=\"https:\/\/editionscambli.com\/?page_id=269\" data-type=\"page\" data-id=\"269\">Le directeur artistique et commerciale de la maison est \u00e9galement un grand amoureux de la litt\u00e9rature monde.<\/a><\/p>\n<\/div>\n<\/div>\n\n\n\n<div class=\"wp-block-column is-layout-flow wp-block-column-is-layout-flow\">\n<figure class=\"wp-block-image size-full is-style-rounded is-style-rounded--4\"><img loading=\"lazy\" decoding=\"async\" width=\"1920\" height=\"1280\" sizes=\"auto, (max-width: 155px) 100vw, 155px\" src=\"https:\/\/editionscambli.com\/wp-content\/uploads\/2024\/11\/Homme-Unsplash.jpg\" alt=\"\" class=\"wp-image-190\" style=\"aspect-ratio:1;object-fit:cover\" srcset=\"https:\/\/editionscambli.com\/wp-content\/uploads\/2024\/11\/Homme-Unsplash.jpg 1920w, https:\/\/editionscambli.com\/wp-content\/uploads\/2024\/11\/Homme-Unsplash-300x200.jpg 300w, https:\/\/editionscambli.com\/wp-content\/uploads\/2024\/11\/Homme-Unsplash-1024x683.jpg 1024w, https:\/\/editionscambli.com\/wp-content\/uploads\/2024\/11\/Homme-Unsplash-768x512.jpg 768w, https:\/\/editionscambli.com\/wp-content\/uploads\/2024\/11\/Homme-Unsplash-1536x1024.jpg 1536w\" \/><\/figure>\n\n\n\n<div class=\"wp-block-group is-vertical is-content-justification-center is-nowrap is-layout-flex wp-container-core-group-is-layout-63bfd6c1 wp-block-group-is-layout-flex\">\n<p class=\"has-text-align-center has-small-font-size\"><strong>Patrice Raymond<\/strong><\/p>\n\n\n\n<p class=\"has-text-align-center has-small-font-size\">Avec son regard ac\u00e9r\u00e9 et son instinct litt\u00e9raire aff\u00fbt\u00e9, Patrice d\u00e9couvre et \u00e9value les manuscrits avec une sensibilit\u00e9 particuli\u00e8re pour les voix marginalis\u00e9es et les perspectives sous-repr\u00e9sent\u00e9es. Son engagement envers la diversit\u00e9 enrichit notre catalogue de mani\u00e8re significative.<\/p>\n<\/div>\n<\/div>\n\n\n\n<div class=\"wp-block-column is-layout-flow wp-block-column-is-layout-flow\">\n<figure class=\"wp-block-image size-full is-style-rounded is-style-rounded--5\"><img loading=\"lazy\" decoding=\"async\" width=\"1707\" height=\"2560\" sizes=\"auto, (max-width: 155px) 100vw, 155px\" src=\"https:\/\/editionscambli.com\/wp-content\/uploads\/2024\/10\/Photo-Femme-Anthony-scaled.jpg\" alt=\"\" class=\"wp-image-167\" style=\"aspect-ratio:1;object-fit:cover\" srcset=\"https:\/\/editionscambli.com\/wp-content\/uploads\/2024\/10\/Photo-Femme-Anthony-scaled.jpg 1707w, https:\/\/editionscambli.com\/wp-content\/uploads\/2024\/10\/Photo-Femme-Anthony-200x300.jpg 200w, https:\/\/editionscambli.com\/wp-content\/uploads\/2024\/10\/Photo-Femme-Anthony-683x1024.jpg 683w, https:\/\/editionscambli.com\/wp-content\/uploads\/2024\/10\/Photo-Femme-Anthony-768x1152.jpg 768w, https:\/\/editionscambli.com\/wp-content\/uploads\/2024\/10\/Photo-Femme-Anthony-1024x1536.jpg 1024w, https:\/\/editionscambli.com\/wp-content\/uploads\/2024\/10\/Photo-Femme-Anthony-1365x2048.jpg 1365w\" \/><\/figure>\n\n\n\n<div class=\"wp-block-group is-vertical is-content-justification-center is-nowrap is-layout-flex wp-container-core-group-is-layout-21d4e958 wp-block-group-is-layout-flex\">\n<p class=\"has-text-align-center has-small-font-size\"><strong>Elena Sanchez<\/strong><\/p>\n\n\n\n<p class=\"has-text-align-center has-small-font-size\">En tant que repr\u00e9sentante des lecteurs, Elena est la voix de notre public. Elle apporte une perspective pr\u00e9cieuse sur ce qui r\u00e9sonne avec notre lectorat et guide nos choix \u00e9ditoriaux pour cr\u00e9er des exp\u00e9riences de lecture profond\u00e9ment enrichissantes.<\/p>\n<\/div>\n<\/div>\n<\/div>\n<\/div>\n\n\n\n<div class=\"wp-block-group alignfull has-global-padding is-layout-constrained wp-container-core-group-is-layout-d89aad35 wp-block-group-is-layout-constrained\" style=\"margin-top:0;margin-bottom:0;padding-top:var(--wp--preset--spacing--50);padding-right:var(--wp--preset--spacing--50);padding-bottom:var(--wp--preset--spacing--50);padding-left:var(--wp--preset--spacing--50)\"><\/div>\n\n\n\n<div class=\"wp-block-group alignfull has-global-padding is-layout-constrained wp-container-core-group-is-layout-d89aad35 wp-block-group-is-layout-constrained\" style=\"margin-top:0;margin-bottom:0;padding-top:var(--wp--preset--spacing--50);padding-right:var(--wp--preset--spacing--50);padding-bottom:var(--wp--preset--spacing--50);padding-left:var(--wp--preset--spacing--50)\"><\/div>\n","protected":false},"excerpt":{"rendered":"<p>Notre comit\u00e9 de lecture est compos\u00e9 d&rsquo;une \u00e9quipe de passionn\u00e9s, capables de d\u00e9fendre ses choix avec acharnement. Les membres du comit\u00e9 : Marie Enguerrande Rui dirige le comit\u00e9 de lecture de la maison Cambli. Tous les livres publi\u00e9s par la maison sont pass\u00e9s entre ses mains. Apr\u00e8s avoir achev\u00e9 ses \u00e9tudes et acquis la solide [&hellip;]<\/p>\n","protected":false},"author":1,"featured_media":0,"parent":0,"menu_order":0,"comment_status":"closed","ping_status":"closed","template":"","meta":{"footnotes":""},"class_list":["post-21","page","type-page","status-publish","hentry"],"_links":{"self":[{"href":"https:\/\/editionscambli.com\/index.php?rest_route=\/wp\/v2\/pages\/21","targetHints":{"allow":["GET"]}}],"collection":[{"href":"https:\/\/editionscambli.com\/index.php?rest_route=\/wp\/v2\/pages"}],"about":[{"href":"https:\/\/editionscambli.com\/index.php?rest_route=\/wp\/v2\/types\/page"}],"author":[{"embeddable":true,"href":"https:\/\/editionscambli.com\/index.php?rest_route=\/wp\/v2\/users\/1"}],"replies":[{"embeddable":true,"href":"https:\/\/editionscambli.com\/index.php?rest_route=%2Fwp%2Fv2%2Fcomments&post=21"}],"version-history":[{"count":20,"href":"https:\/\/editionscambli.com\/index.php?rest_route=\/wp\/v2\/pages\/21\/revisions"}],"predecessor-version":[{"id":276,"href":"https:\/\/editionscambli.com\/index.php?rest_route=\/wp\/v2\/pages\/21\/revisions\/276"}],"wp:attachment":[{"href":"https:\/\/editionscambli.com\/index.php?rest_route=%2Fwp%2Fv2%2Fmedia&parent=21"}],"curies":[{"name":"wp","href":"https:\/\/api.w.org\/{rel}","templated":true}]}}