{"id":269,"date":"2025-08-08T10:42:08","date_gmt":"2025-08-08T10:42:08","guid":{"rendered":"https:\/\/editionscambli.com\/?page_id=269"},"modified":"2025-08-08T11:00:09","modified_gmt":"2025-08-08T11:00:09","slug":"faire-de-la-litterature-mondiale-une-lecture-mondiale","status":"publish","type":"page","link":"https:\/\/editionscambli.com\/?page_id=269","title":{"rendered":"Faire de la litt\u00e9rature mondiale une lecture mondiale"},"content":{"rendered":"\n<div style=\"height:var(--wp--preset--spacing--50)\" aria-hidden=\"true\" class=\"wp-block-spacer\"><\/div>\n\n\n\n<div class=\"wp-block-group alignwide has-global-padding is-layout-constrained wp-block-group-is-layout-constrained\">\n<h3 class=\"wp-block-heading alignwide has-large-font-size\" style=\"line-height:1.2\">Par Baptiste Reina<\/h3>\n<\/div>\n\n\n\n<figure class=\"wp-block-embed is-type-video is-provider-youtube wp-block-embed-youtube wp-embed-aspect-16-9 wp-has-aspect-ratio\"><div class=\"wp-block-embed__wrapper\">\n<iframe loading=\"lazy\" title=\"L&#039;intervention de Baptiste Reina \u00e0 la CGTN : faire de la litt\u00e9rature mondiale une lecture mondiale\" width=\"500\" height=\"281\" src=\"https:\/\/www.youtube.com\/embed\/i9u7DFHkVyk?feature=oembed\" frameborder=\"0\" allow=\"accelerometer; autoplay; clipboard-write; encrypted-media; gyroscope; picture-in-picture; web-share\" referrerpolicy=\"strict-origin-when-cross-origin\" allowfullscreen><\/iframe>\n<\/div><\/figure>\n\n\n\n<hr class=\"wp-block-separator has-alpha-channel-opacity\"\/>\n\n\n\n<p>Pour Dialogue, <a href=\"https:\/\/editionscambli.com\/?page_id=21\">Baptiste Reina<\/a> d\u00e9taille sa vision de la traduction et ses ambitions pour la litt\u00e9rature \u00e9trang\u00e8re en France.<\/p>\n\n\n\n<p>Dialogue est une \u00e9mission d\u2019interviews et de d\u00e9bats qui explore en profondeur l\u2019actualit\u00e9 internationale, la politique, l\u2019\u00e9conomie et les relations internationales. Anim\u00e9e par des journalistes et experts reconnus, l\u2019\u00e9mission re\u00e7oit des invit\u00e9s de haut niveau\u202f: dirigeants politiques, diplomates, \u00e9conomistes, chercheurs et analystes.<\/p>\n\n\n\n<p>L&rsquo;\u00e9mission a notamment permis de pr\u00e9senter la nouvelle \u00e9dition augment\u00e9 de <a href=\"https:\/\/www.amazon.fr\/dp\/B07JVGWV1G?social_share=cm_sw_r_apan_dp_9HAD0DWMFWS19R8WEC6D&amp;skipTwisterOG=1\">Po\u00e9sie Tang<\/a>, un ouvrage de la <a href=\"https:\/\/editionscambli.com\/?page_id=139\">collection Dacquoise<\/a>.<\/p>\n\n\n\n<figure class=\"wp-block-image size-large is-resized\"><img loading=\"lazy\" decoding=\"async\" width=\"655\" height=\"1024\" sizes=\"auto, (max-width: 200px) 100vw, 200px\" src=\"https:\/\/editionscambli.com\/wp-content\/uploads\/2025\/02\/Poesie-Tang-655x1024.jpg\" alt=\"Il s'agit de la couverture du livre pr\u00e9sent\u00e9 dans la vid\u00e9o\" class=\"wp-image-213\" style=\"width:200px\" srcset=\"https:\/\/editionscambli.com\/wp-content\/uploads\/2025\/02\/Poesie-Tang-655x1024.jpg 655w, https:\/\/editionscambli.com\/wp-content\/uploads\/2025\/02\/Poesie-Tang-192x300.jpg 192w, https:\/\/editionscambli.com\/wp-content\/uploads\/2025\/02\/Poesie-Tang-768x1200.jpg 768w, https:\/\/editionscambli.com\/wp-content\/uploads\/2025\/02\/Poesie-Tang-983x1536.jpg 983w, https:\/\/editionscambli.com\/wp-content\/uploads\/2025\/02\/Poesie-Tang-1311x2048.jpg 1311w, https:\/\/editionscambli.com\/wp-content\/uploads\/2025\/02\/Poesie-Tang.jpg 1600w\" \/><\/figure>\n","protected":false},"excerpt":{"rendered":"<p>Par Baptiste Reina Pour Dialogue, Baptiste Reina d\u00e9taille sa vision de la traduction et ses ambitions pour la litt\u00e9rature \u00e9trang\u00e8re en France. Dialogue est une \u00e9mission d\u2019interviews et de d\u00e9bats qui explore en profondeur l\u2019actualit\u00e9 internationale, la politique, l\u2019\u00e9conomie et les relations internationales. Anim\u00e9e par des journalistes et experts reconnus, l\u2019\u00e9mission re\u00e7oit des invit\u00e9s de [&hellip;]<\/p>\n","protected":false},"author":1,"featured_media":0,"parent":0,"menu_order":0,"comment_status":"closed","ping_status":"closed","template":"","meta":{"footnotes":""},"class_list":["post-269","page","type-page","status-publish","hentry"],"_links":{"self":[{"href":"https:\/\/editionscambli.com\/index.php?rest_route=\/wp\/v2\/pages\/269","targetHints":{"allow":["GET"]}}],"collection":[{"href":"https:\/\/editionscambli.com\/index.php?rest_route=\/wp\/v2\/pages"}],"about":[{"href":"https:\/\/editionscambli.com\/index.php?rest_route=\/wp\/v2\/types\/page"}],"author":[{"embeddable":true,"href":"https:\/\/editionscambli.com\/index.php?rest_route=\/wp\/v2\/users\/1"}],"replies":[{"embeddable":true,"href":"https:\/\/editionscambli.com\/index.php?rest_route=%2Fwp%2Fv2%2Fcomments&post=269"}],"version-history":[{"count":4,"href":"https:\/\/editionscambli.com\/index.php?rest_route=\/wp\/v2\/pages\/269\/revisions"}],"predecessor-version":[{"id":277,"href":"https:\/\/editionscambli.com\/index.php?rest_route=\/wp\/v2\/pages\/269\/revisions\/277"}],"wp:attachment":[{"href":"https:\/\/editionscambli.com\/index.php?rest_route=%2Fwp%2Fv2%2Fmedia&parent=269"}],"curies":[{"name":"wp","href":"https:\/\/api.w.org\/{rel}","templated":true}]}}