{"id":305,"date":"2025-12-22T15:27:46","date_gmt":"2025-12-22T15:27:46","guid":{"rendered":"https:\/\/editionscambli.com\/?page_id=305"},"modified":"2025-12-22T15:27:46","modified_gmt":"2025-12-22T15:27:46","slug":"nos-livres-audios","status":"publish","type":"page","link":"https:\/\/editionscambli.com\/?page_id=305","title":{"rendered":"Nos livres audios"},"content":{"rendered":"\n<div style=\"height:var(--wp--preset--spacing--50)\" aria-hidden=\"true\" class=\"wp-block-spacer\"><\/div>\n\n\n\n<div class=\"wp-block-group alignwide has-global-padding is-layout-constrained wp-block-group-is-layout-constrained\">\n<h1 class=\"wp-block-heading alignwide has-xx-large-font-size\" style=\"line-height:1.2\">Afin d&rsquo;\u00e9tendre l&rsquo;accessibilit\u00e9 de nos textes, la maison Cambli vous propose leurs versions audios :<\/h1>\n<\/div>\n\n\n\n<div class=\"wp-block-group alignfull has-global-padding is-layout-constrained wp-container-core-group-is-layout-0747478d wp-block-group-is-layout-constrained\" style=\"padding-top:var(--wp--preset--spacing--50);padding-right:var(--wp--preset--spacing--50);padding-bottom:var(--wp--preset--spacing--50);padding-left:var(--wp--preset--spacing--50)\">\n<div class=\"wp-block-columns alignwide is-layout-flex wp-container-core-columns-is-layout-ff4b9c61 wp-block-columns-is-layout-flex\" style=\"margin-top:0;margin-bottom:0\">\n<div class=\"wp-block-column is-layout-flow wp-container-core-column-is-layout-8a368f38 wp-block-column-is-layout-flow\">\n<div class=\"wp-block-query is-layout-flow wp-block-query-is-layout-flow\"><ul class=\"wp-block-post-template is-layout-flow wp-container-core-post-template-is-layout-dc68bcd2 wp-block-post-template-is-layout-flow\"><li class=\"wp-block-post post-1 post type-post status-publish format-standard hentry category-uncategorized\">\n\n<figure class=\"wp-block-image size-large\"><a href=\"https:\/\/www.audible.fr\/pd\/Leconomie-a-lenvers-Livre-Audio\/B0F68FH21S?qid=1766417135&amp;sr=1-1&amp;ref_pageloadid=not_applicable&amp;pf_rd_p=f20cf038-cbbb-4fa0-adfe-62ed184d8867&amp;pf_rd_r=P7SBGVRYEC4PQXRFT7CV&amp;plink=HqhEKYXSXmgqz28X&amp;pageLoadId=haSmH6atx0SCXzth&amp;creativeId=41e85e98-10b8-40e2-907d-6b663f04a42d&amp;ref=a_search_c3_lProduct_1_1\"><img loading=\"lazy\" decoding=\"async\" width=\"1024\" height=\"1024\" sizes=\"auto, (max-width: 620px) 100vw, 620px\" src=\"https:\/\/editionscambli.com\/wp-content\/uploads\/2025\/12\/Couverture-Audio-Leconomie-a-lenvers-JPG-1024x1024.webp\" alt=\"\" class=\"wp-image-308\" srcset=\"https:\/\/editionscambli.com\/wp-content\/uploads\/2025\/12\/Couverture-Audio-Leconomie-a-lenvers-JPG-1024x1024.webp 1024w, https:\/\/editionscambli.com\/wp-content\/uploads\/2025\/12\/Couverture-Audio-Leconomie-a-lenvers-JPG-300x300.webp 300w, https:\/\/editionscambli.com\/wp-content\/uploads\/2025\/12\/Couverture-Audio-Leconomie-a-lenvers-JPG-150x150.webp 150w, https:\/\/editionscambli.com\/wp-content\/uploads\/2025\/12\/Couverture-Audio-Leconomie-a-lenvers-JPG-768x768.webp 768w, https:\/\/editionscambli.com\/wp-content\/uploads\/2025\/12\/Couverture-Audio-Leconomie-a-lenvers-JPG-1536x1536.webp 1536w, https:\/\/editionscambli.com\/wp-content\/uploads\/2025\/12\/Couverture-Audio-Leconomie-a-lenvers-JPG-2048x2048.webp 2048w\" \/><\/a><\/figure>\n\n<\/li><\/ul><\/div>\n<\/div>\n\n\n\n<div class=\"wp-block-column is-layout-flow wp-container-core-column-is-layout-8736a895 wp-block-column-is-layout-flow\" style=\"padding-top:0\">\n<div style=\"height:var(--wp--preset--spacing--50)\" aria-hidden=\"true\" class=\"wp-block-spacer\"><\/div>\n\n\n\n<figure class=\"wp-block-image size-large\"><a href=\"https:\/\/www.audible.fr\/pd\/The-Literal-Hell-of-Customer-Support-Jobs-Livre-Audio\/B0FTFDMD9P?qid=1766417160&amp;sr=1-1&amp;ref_pageloadid=not_applicable&amp;pf_rd_p=f20cf038-cbbb-4fa0-adfe-62ed184d8867&amp;pf_rd_r=Q8KVHGSZ7777QY7KCHWE&amp;plink=b4TQtwgWm5NAzQMV&amp;pageLoadId=etvHjG8VVEKwiKxe&amp;creativeId=41e85e98-10b8-40e2-907d-6b663f04a42d&amp;ref=a_search_c3_lProduct_1_1\"><img loading=\"lazy\" decoding=\"async\" width=\"1024\" height=\"1024\" sizes=\"auto, (max-width: 206px) 100vw, 206px\" src=\"https:\/\/editionscambli.com\/wp-content\/uploads\/2025\/12\/Hell-Livre-Audio-PNG-1024x1024.webp\" alt=\"\" class=\"wp-image-307\" srcset=\"https:\/\/editionscambli.com\/wp-content\/uploads\/2025\/12\/Hell-Livre-Audio-PNG-1024x1024.webp 1024w, https:\/\/editionscambli.com\/wp-content\/uploads\/2025\/12\/Hell-Livre-Audio-PNG-300x300.webp 300w, https:\/\/editionscambli.com\/wp-content\/uploads\/2025\/12\/Hell-Livre-Audio-PNG-150x150.webp 150w, https:\/\/editionscambli.com\/wp-content\/uploads\/2025\/12\/Hell-Livre-Audio-PNG-768x768.webp 768w, https:\/\/editionscambli.com\/wp-content\/uploads\/2025\/12\/Hell-Livre-Audio-PNG-1536x1536.webp 1536w, https:\/\/editionscambli.com\/wp-content\/uploads\/2025\/12\/Hell-Livre-Audio-PNG-2048x2048.webp 2048w\" \/><\/a><\/figure>\n<\/div>\n\n\n\n<div class=\"wp-block-column is-layout-flow wp-container-core-column-is-layout-8a368f38 wp-block-column-is-layout-flow\">\n<div class=\"wp-block-query is-layout-flow wp-block-query-is-layout-flow\"><\/div>\n\n\n\n<figure class=\"wp-block-image size-large\"><a href=\"https:\/\/www.audible.fr\/pd\/Comment-gagner-100-000-euro-par-an-Livre-Audio\/B0F3L6GX6Y?qid=1766417187&amp;sr=1-2&amp;ref_pageloadid=not_applicable&amp;pf_rd_p=f20cf038-cbbb-4fa0-adfe-62ed184d8867&amp;pf_rd_r=R0P1YWYFAJCZYGFC4X0S&amp;plink=N99NTAuWUUc9xoKl&amp;pageLoadId=ujHV8xEtuZePEGaS&amp;creativeId=41e85e98-10b8-40e2-907d-6b663f04a42d&amp;ref=a_search_c3_lProduct_1_2\"><img loading=\"lazy\" decoding=\"async\" width=\"1024\" height=\"1024\" sizes=\"auto, (max-width: 206px) 100vw, 206px\" src=\"https:\/\/editionscambli.com\/wp-content\/uploads\/2025\/12\/Couvertures-Livres-Audios-1024x1024.webp\" alt=\"\" class=\"wp-image-306\" srcset=\"https:\/\/editionscambli.com\/wp-content\/uploads\/2025\/12\/Couvertures-Livres-Audios-1024x1024.webp 1024w, https:\/\/editionscambli.com\/wp-content\/uploads\/2025\/12\/Couvertures-Livres-Audios-300x300.webp 300w, https:\/\/editionscambli.com\/wp-content\/uploads\/2025\/12\/Couvertures-Livres-Audios-150x150.webp 150w, https:\/\/editionscambli.com\/wp-content\/uploads\/2025\/12\/Couvertures-Livres-Audios-768x768.webp 768w, https:\/\/editionscambli.com\/wp-content\/uploads\/2025\/12\/Couvertures-Livres-Audios-1536x1536.webp 1536w, https:\/\/editionscambli.com\/wp-content\/uploads\/2025\/12\/Couvertures-Livres-Audios-2048x2048.webp 2048w\" \/><\/a><\/figure>\n<\/div>\n<\/div>\n\n\n\n<p>Et bien plus \u00e0 venir !<\/p>\n\n\n\n<div class=\"wp-block-media-text is-stacked-on-mobile\"><figure class=\"wp-block-media-text__media\"><a href=\"https:\/\/www.audible.fr\/\"><img loading=\"lazy\" decoding=\"async\" width=\"474\" height=\"355\" src=\"https:\/\/editionscambli.com\/wp-content\/uploads\/2025\/12\/OIP.webp\" alt=\"\" class=\"wp-image-309 size-full\" srcset=\"https:\/\/editionscambli.com\/wp-content\/uploads\/2025\/12\/OIP.webp 474w, https:\/\/editionscambli.com\/wp-content\/uploads\/2025\/12\/OIP-300x225.webp 300w\" sizes=\"auto, (max-width: 474px) 100vw, 474px\" \/><\/a><\/figure><div class=\"wp-block-media-text__content\">\n<p>Disponible sur Audible&#8230;<\/p>\n<\/div><\/div>\n<\/div>\n\n\n\n<div class=\"wp-block-media-text is-stacked-on-mobile\"><figure class=\"wp-block-media-text__media\"><a href=\"https:\/\/www.apple.com\/fr\/apple-books\/\"><img loading=\"lazy\" decoding=\"async\" width=\"326\" height=\"183\" src=\"https:\/\/editionscambli.com\/wp-content\/uploads\/2025\/12\/telecharger.webp\" alt=\"\" class=\"wp-image-310 size-full\" srcset=\"https:\/\/editionscambli.com\/wp-content\/uploads\/2025\/12\/telecharger.webp 326w, https:\/\/editionscambli.com\/wp-content\/uploads\/2025\/12\/telecharger-300x168.webp 300w\" sizes=\"auto, (max-width: 326px) 100vw, 326px\" \/><\/a><\/figure><div class=\"wp-block-media-text__content\">\n<p>et Apple Livres !<\/p>\n<\/div><\/div>\n\n\n\n<p><\/p>\n","protected":false},"excerpt":{"rendered":"<p>Afin d&rsquo;\u00e9tendre l&rsquo;accessibilit\u00e9 de nos textes, la maison Cambli vous propose leurs versions audios : Et bien plus \u00e0 venir ! Disponible sur Audible&#8230; et Apple Livres !<\/p>\n","protected":false},"author":1,"featured_media":0,"parent":0,"menu_order":0,"comment_status":"closed","ping_status":"closed","template":"","meta":{"footnotes":""},"class_list":["post-305","page","type-page","status-publish","hentry"],"_links":{"self":[{"href":"https:\/\/editionscambli.com\/index.php?rest_route=\/wp\/v2\/pages\/305","targetHints":{"allow":["GET"]}}],"collection":[{"href":"https:\/\/editionscambli.com\/index.php?rest_route=\/wp\/v2\/pages"}],"about":[{"href":"https:\/\/editionscambli.com\/index.php?rest_route=\/wp\/v2\/types\/page"}],"author":[{"embeddable":true,"href":"https:\/\/editionscambli.com\/index.php?rest_route=\/wp\/v2\/users\/1"}],"replies":[{"embeddable":true,"href":"https:\/\/editionscambli.com\/index.php?rest_route=%2Fwp%2Fv2%2Fcomments&post=305"}],"version-history":[{"count":1,"href":"https:\/\/editionscambli.com\/index.php?rest_route=\/wp\/v2\/pages\/305\/revisions"}],"predecessor-version":[{"id":311,"href":"https:\/\/editionscambli.com\/index.php?rest_route=\/wp\/v2\/pages\/305\/revisions\/311"}],"wp:attachment":[{"href":"https:\/\/editionscambli.com\/index.php?rest_route=%2Fwp%2Fv2%2Fmedia&parent=305"}],"curies":[{"name":"wp","href":"https:\/\/api.w.org\/{rel}","templated":true}]}}